{"id":978,"date":"2020-10-15T12:20:18","date_gmt":"2020-10-15T12:20:18","guid":{"rendered":"https:\/\/tartaleta.com\/politica-de-privacidad\/"},"modified":"2024-06-14T16:11:11","modified_gmt":"2024-06-14T14:11:11","slug":"politica-de-privacidad","status":"publish","type":"page","link":"https:\/\/tartaleta.com\/en\/politica-de-privacidad\/","title":{"rendered":"Pol\u00edtica de privacidad"},"content":{"rendered":"<p>[et_pb_section fb_built=&#8221;1&#8243; _builder_version=&#8221;4.16&#8243; global_colors_info=&#8221;{}&#8221;][et_pb_row _builder_version=&#8221;4.16&#8243; background_size=&#8221;initial&#8221; background_position=&#8221;top_left&#8221; background_repeat=&#8221;repeat&#8221; global_colors_info=&#8221;{}&#8221;][et_pb_column type=&#8221;4_4&#8243; _builder_version=&#8221;4.16&#8243; custom_padding=&#8221;|||&#8221; global_colors_info=&#8221;{}&#8221; custom_padding__hover=&#8221;|||&#8221;][et_pb_text _builder_version=&#8221;4.24.2&#8243; _module_preset=&#8221;default&#8221; hover_enabled=&#8221;0&#8243; global_colors_info=&#8221;{}&#8221; sticky_enabled=&#8221;0&#8243;]<\/p>\n<h2>Privacy Policy<\/h2>\n<p>[\/et_pb_text][et_pb_text _builder_version=&#8221;4.24.2&#8243; background_size=&#8221;initial&#8221; background_position=&#8221;top_left&#8221; background_repeat=&#8221;repeat&#8221; hover_enabled=&#8221;0&#8243; global_colors_info=&#8221;{}&#8221; sticky_enabled=&#8221;0&#8243;]<\/p>\n<p>This portal, owned by Ferlara Textil SL, does not collect personal data from clients or users who access the portal, without their prior knowledge, nor are they transferred to third parties.<br \/>Nor are automated means used to collect information from users such as cookies or IP addresses.<br \/>The Tartaleta portal may contain links to other third-party web portals, whose privacy policies are foreign to Ferlara Textil SL. By accessing such websites you can decide whether to accept their privacy and cookie policies.<\/p>\n<p><strong>PROCESSING OF PERSONAL DATA<\/strong><\/p>\n<p>We inform you that the data you provide on this website by filling out the \u201ccontact form\u201d (or form or email form) will be treated in accordance with the provisions of Organic Law 2016\/679, of December 5, on the protection of personal data, and Royal Decree 2016\/679, of April 27, Regulations for the development of the Organic Law).<br \/>The \u201ccontact form\u201d available on the website allows users of the website to contact the owner of the website by sending an email using the contact form.<br \/>This information corresponds to the personal data sent by the user when filling out the contact form.<br \/>We inform you that the data you voluntarily provide using the form will be sent in an email that may be stored in the email system of the owner of the website.<br \/>The data will not be saved or stored on other media or devices; nor will other data from your browsing on the website be stored.<\/p>\n<p><strong>1. PURPOSES OF PROCESSING PERSONAL DATA<\/strong><br \/>The purposes of processing your personal data are as follows:<br \/>The data you provide us may be used to contact you in order to respond to any requests you may send us through the online form.<\/p>\n<p><strong>2. NATURE OF THE DATA PROCESSED AND PROCESSING METHODS<\/strong><br \/>a. The personal data processed will be exclusively the common data strictly necessary and relevant for the purposes mentioned in point 1 above.<br \/>b. The processing of the personal data provided by you is carried out through the operations or set of operations indicated in article 3.c of Organic Law 15\/1999. The processing is carried out directly by the organization of the owner of the website.<\/p>\n<p><strong>3. NATURE OF THE PROVISION OF THE DATA AND CONSEQUENCES OF YOUR REFUSAL<\/strong><br \/>Remember that you are not obliged to provide the owner of the website with your personal data through the contact form.<br \/>The communication of your data through the contact form is optional.<br \/>However, failure to provide the data for the purposes set out in art. 1 will result in the impossibility of contacting the owner of the website through the contact form.<\/p>\n<p><strong>4. PERSONAL DATA PROCESSING CONTROLLER (DATA PROCESSOR)<\/strong><br \/>The personal data collected through the contact form will be sent by email to the owner of this website, who is the data processor.<\/p>\n<p><strong>5. RIGHTS OF THE INTERESTED PARTY<\/strong><br \/>Please note that you may at any time exercise the rights granted to you by the applicable regulations, and in particular the rights recognised in articles 13 and following of Organic Law 15\/1999, which we reproduce below, by contacting the owner of the website through the contact form.<\/p>\n<p><strong>Article 13. Challenging assessments.<\/strong><br \/>1. Citizens have the right not to be subject to a decision with legal effects on them or that significantly affects them, which is based solely on the processing of data intended to assess certain aspects of their personality. 2. The affected party may challenge administrative acts or private decisions that imply an assessment of his or her behaviour, the sole basis of which is the processing of personal data that provides a definition of his or her characteristics or personality.<br \/>3. In this case, the affected party shall have the right to obtain information from the person responsible for the file on the assessment criteria and the programme used in the processing that served to adopt the decision that constituted the act.<br \/>4. The assessment of the behaviour of citizens, based on data processing, may only have probative value at the request of the affected party.<\/p>\n<p><strong>Article 14. Right to consult the General Data Protection Register<\/strong>.<br \/>Any person may find out, by obtaining the appropriate information from the General Data Protection Register, the existence of personal data processing, its purposes and the identity of the person responsible for the processing. The General Register shall be open to consultation.<\/p>\n<p><strong>Article 15. Right of access.<\/strong><br \/>1. The interested party shall have the right to request and obtain free information about his or her personal data being processed, the origin of said data, as well as the communications made or planned to be made of said data.<br \/>2. The information may be obtained by simply consulting the data by means of viewing it, or by indicating the data being processed in writing, copy, fax or photocopy, certified or not, in a legible and intelligible form, without using keys or codes that require the use of specific mechanical devices.<br \/>3. The right of access referred to in this article may only be exercised at intervals of no less than twelve months, unless the interested party proves a legitimate interest in this regard, in which case they may exercise it earlier.<\/p>\n<p><strong>Article 16. Right to rectification and cancellation.<\/strong><br \/>1. The data controller shall have the obligation to make the interested party&#8217;s right to rectification or cancellation effective within ten days.<br \/>2. Personal data whose processing does not comply with the provisions of this Law shall be rectified or cancelled, where appropriate, and in particular, when such data are found to be inaccurate or incomplete.<br \/>3. Cancellation shall result in the blocking of the data, which shall be kept only at the disposal of public administrations, judges and courts, to address any potential liabilities arising from the processing, during the limitation period for these. Once this period has elapsed, the data shall be deleted.<br \/>4. If the rectified or cancelled data have been previously communicated, the data controller shall notify the data controller of the rectification or cancellation carried out, in the event that the processing is maintained by the latter, who shall also proceed with the cancellation.<br \/>5. Personal data shall be kept for the periods provided for in the applicable provisions or, where appropriate, in the contractual relations between the person or entity responsible for the processing and the interested party.<\/p>\n<p><strong>Article 17. Procedure for opposition, access, rectification or cancellation.<\/strong><br \/>1. The procedures for exercising the right to object, access, rectification and cancellation shall be established by regulation.<br \/>2. No compensation shall be required for the exercise of the rights of objection, access, rectification or cancellation.<\/p>\n<p><strong>Article 18. Protection of rights.<\/strong><br \/>1. Actions contrary to the provisions of this Law may be the subject of a claim by the interested parties to the Spanish Data Protection Agency, in the manner determined by regulation.<br \/>2. The interested party who is denied, in whole or in part, the exercise of the rights of objection, access, rectification or cancellation may notify the Spanish Data Protection Agency or, where appropriate, the competent body of each Autonomous Community, which must ensure the admissibility or inadmissibility of the denial.<br \/>3. The maximum period within which the express resolution of protection of rights must be issued shall be six months.<br \/>4. The resolutions of the Spanish Data Protection Agency may be appealed through administrative litigation.<\/p>\n<p><strong>Article 19. Right to compensation.<\/strong><br \/>1. Interested parties who, as a result of non-compliance with the provisions of this Law by the controller or processor, suffer damage or injury to their property or rights shall be entitled to compensation.<br \/>2. In the case of files of public ownership, liability shall be enforced in accordance with the legislation regulating the liability regime of public administrations.<br \/>3. In the case of files of private ownership, the action shall be exercised before the bodies of ordinary jurisdiction.<br \/>The processing shall have a duration not exceeding that necessary for the purposes for which the data have been collected.<\/p>\n<p>[\/et_pb_text][\/et_pb_column][\/et_pb_row][\/et_pb_section]<\/p>\n","protected":false},"excerpt":{"rendered":"<p>Privacy PolicyThis portal, owned by Ferlara Textil SL, does not collect personal data from clients or users who access the portal, without their prior knowledge, nor are they transferred to third parties.Nor are automated means used to collect information from users such as cookies or IP addresses.The Tartaleta portal may contain links to other third-party [&hellip;]<\/p>\n","protected":false},"author":1,"featured_media":0,"parent":0,"menu_order":0,"comment_status":"closed","ping_status":"closed","template":"","meta":{"_et_pb_use_builder":"on","_et_pb_old_content":"<!-- wp:heading -->\n<h2>Qui\u00e9nes somos<\/h2>\n<!-- \/wp:heading -->\n\n<!-- wp:paragraph -->\n<p>La direcci\u00f3n de nuestra web es: https:\/\/tartaleta.com.<\/p>\n<!-- \/wp:paragraph -->\n\n<!-- wp:heading -->\n<h2>Qu\u00e9 datos personales recogemos y por qu\u00e9 los recogemos<\/h2>\n<!-- \/wp:heading -->\n\n<!-- wp:heading {\"level\":3} -->\n<h3>Comentarios<\/h3>\n<!-- \/wp:heading -->\n\n<!-- wp:paragraph -->\n<p>Cuando los visitantes dejan comentarios en la web, recopilamos los datos que se muestran en el formulario de comentarios, as\u00ed como la direcci\u00f3n IP del visitante y la cadena de agentes de usuario del navegador para ayudar a la detecci\u00f3n de spam.<\/p>\n<!-- \/wp:paragraph -->\n\n<!-- wp:paragraph -->\n<p>Una cadena an\u00f3nima creada a partir de tu direcci\u00f3n de correo electr\u00f3nico (tambi\u00e9n llamada hash) puede ser proporcionada al servicio de Gravatar para ver si la est\u00e1s usando. La pol\u00edtica de privacidad del servicio Gravatar est\u00e1 disponible aqu\u00ed: https:\/\/automattic.com\/privacy\/. Despu\u00e9s de la aprobaci\u00f3n de tu comentario, la imagen de tu perfil es visible para el p\u00fablico en el contexto de tu comentario.<\/p>\n<!-- \/wp:paragraph -->\n\n<!-- wp:heading {\"level\":3} -->\n<h3>Medios<\/h3>\n<!-- \/wp:heading -->\n\n<!-- wp:paragraph -->\n<p>Si subes im\u00e1genes a la web, deber\u00edas evitar subir im\u00e1genes con datos de ubicaci\u00f3n (GPS EXIF) incluidos. Los visitantes de la web pueden descargar y extraer cualquier dato de ubicaci\u00f3n de las im\u00e1genes de la web.<\/p>\n<!-- \/wp:paragraph -->\n\n<!-- wp:heading {\"level\":3} -->\n<h3>Formularios de contacto<\/h3>\n<!-- \/wp:heading -->\n\n<!-- wp:heading {\"level\":3} -->\n<h3>Cookies<\/h3>\n<!-- \/wp:heading -->\n\n<!-- wp:paragraph -->\n<p>Si dejas un comentario en nuestro sitio puedes elegir guardar tu nombre, direcci\u00f3n de correo electr\u00f3nico y web en cookies. Esto es para tu comodidad, para que no tengas que volver a rellenar tus datos cuando dejes otro comentario. Estas cookies tendr\u00e1n una duraci\u00f3n de un a\u00f1o.<\/p>\n<!-- \/wp:paragraph -->\n\n<!-- wp:paragraph -->\n<p>Si tienes una cuenta y te conectas a este sitio, instalaremos una cookie temporal para determinar si tu navegador acepta cookies. Esta cookie no contiene datos personales y se elimina al cerrar el navegador.<\/p>\n<!-- \/wp:paragraph -->\n\n<!-- wp:paragraph -->\n<p>Cuando accedas, tambi\u00e9n instalaremos varias cookies para guardar tu informaci\u00f3n de acceso y tus opciones de visualizaci\u00f3n de pantalla. Las cookies de acceso duran dos d\u00edas, y las cookies de opciones de pantalla duran un a\u00f1o. Si seleccionas \u00abRecu\u00e9rdarme\u00bb, tu acceso perdurar\u00e1 durante dos semanas. Si sales de tu cuenta, las cookies de acceso se eliminar\u00e1n.<\/p>\n<!-- \/wp:paragraph -->\n\n<!-- wp:paragraph -->\n<p>Si editas o publicas un art\u00edculo se guardar\u00e1 una cookie adicional en tu navegador. Esta cookie no incluye datos personales y simplemente indica el ID del art\u00edculo que acabas de editar. Caduca despu\u00e9s de 1 d\u00eda.<\/p>\n<!-- \/wp:paragraph -->\n\n<!-- wp:heading {\"level\":3} -->\n<h3>Contenido incrustado de otros sitios web<\/h3>\n<!-- \/wp:heading -->\n\n<!-- wp:paragraph -->\n<p>Los art\u00edculos de este sitio pueden incluir contenido incrustado (por ejemplo, v\u00eddeos, im\u00e1genes, art\u00edculos, etc.). El contenido incrustado de otras webs se comporta exactamente de la misma manera que si el visitante hubiera visitado la otra web.<\/p>\n<!-- \/wp:paragraph -->\n\n<!-- wp:paragraph -->\n<p>Estas web pueden recopilar datos sobre ti, utilizar cookies, incrustar un seguimiento adicional de terceros, y supervisar tu interacci\u00f3n con ese contenido incrustado, incluido el seguimiento de tu interacci\u00f3n con el contenido incrustado si tienes una cuenta y est\u00e1s conectado a esa web.<\/p>\n<!-- \/wp:paragraph -->\n\n<!-- wp:heading {\"level\":3} -->\n<h3>Anal\u00edtica<\/h3>\n<!-- \/wp:heading -->\n\n<!-- wp:heading -->\n<h2>Con qui\u00e9n compartimos tus datos<\/h2>\n<!-- \/wp:heading -->\n\n<!-- wp:heading -->\n<h2>Cu\u00e1nto tiempo conservamos tus datos<\/h2>\n<!-- \/wp:heading -->\n\n<!-- wp:paragraph -->\n<p>Si dejas un comentario, el comentario y sus metadatos se conservan indefinidamente. Esto es para que podamos reconocer y aprobar comentarios sucesivos autom\u00e1ticamente, en lugar de mantenerlos en una cola de moderaci\u00f3n.<\/p>\n<!-- \/wp:paragraph -->\n\n<!-- wp:paragraph -->\n<p>De los usuarios que se registran en nuestra web (si los hay), tambi\u00e9n almacenamos la informaci\u00f3n personal que proporcionan en su perfil de usuario. Todos los usuarios pueden ver, editar o eliminar su informaci\u00f3n personal en cualquier momento (excepto que no pueden cambiar su nombre de usuario). Los administradores de la web tambi\u00e9n pueden ver y editar esa informaci\u00f3n.<\/p>\n<!-- \/wp:paragraph -->\n\n<!-- wp:heading -->\n<h2>Qu\u00e9 derechos tienes sobre tus datos<\/h2>\n<!-- \/wp:heading -->\n\n<!-- wp:paragraph -->\n<p>Si tienes una cuenta o has dejado comentarios en esta web, puedes solicitar recibir un archivo de exportaci\u00f3n de los datos personales que tenemos sobre ti, incluyendo cualquier dato que nos hayas proporcionado. Tambi\u00e9n puedes solicitar que eliminemos cualquier dato personal que tengamos sobre ti. Esto no incluye ning\u00fan dato que estemos obligados a conservar con fines administrativos, legales o de seguridad.<\/p>\n<!-- \/wp:paragraph -->\n\n<!-- wp:heading -->\n<h2>D\u00f3nde enviamos tus datos<\/h2>\n<!-- \/wp:heading -->\n\n<!-- wp:paragraph -->\n<p>Los comentarios de los visitantes puede que los revise un servicio de detecci\u00f3n autom\u00e1tica de spam.<\/p>\n<!-- \/wp:paragraph -->\n\n<!-- wp:heading -->\n<h2>Tu informaci\u00f3n de contacto<\/h2>\n<!-- \/wp:heading -->\n\n<!-- wp:heading -->\n<h2>Informaci\u00f3n adicional<\/h2>\n<!-- \/wp:heading -->\n\n<!-- wp:heading {\"level\":3} -->\n<h3>C\u00f3mo protegemos tus datos<\/h3>\n<!-- \/wp:heading -->\n\n<!-- wp:heading {\"level\":3} -->\n<h3>Qu\u00e9 procedimientos utilizamos contra las brechas de datos<\/h3>\n<!-- \/wp:heading -->\n\n<!-- wp:heading {\"level\":3} -->\n<h3>De qu\u00e9 terceros recibimos datos<\/h3>\n<!-- \/wp:heading -->\n\n<!-- wp:heading {\"level\":3} -->\n<h3>Qu\u00e9 tipo de toma de decisiones automatizada y\/o perfilado hacemos con los datos del usuario<\/h3>\n<!-- \/wp:heading -->\n\n<!-- wp:heading {\"level\":3} -->\n<h3>Requerimientos regulatorios de revelaci\u00f3n de informaci\u00f3n del sector<\/h3>\n<!-- \/wp:heading -->","_et_gb_content_width":"","footnotes":""},"class_list":["post-978","page","type-page","status-publish","hentry"],"yoast_head":"<!-- This site is optimized with the Yoast SEO plugin v27.3 - https:\/\/yoast.com\/product\/yoast-seo-wordpress\/ -->\n<title>Pol\u00edtica de privacidad - Tartaleta<\/title>\n<meta name=\"robots\" content=\"index, follow, max-snippet:-1, max-image-preview:large, max-video-preview:-1\" \/>\n<link rel=\"canonical\" href=\"https:\/\/tartaleta.com\/politica-de-privacidad\/\" \/>\n<meta property=\"og:locale\" content=\"en_US\" \/>\n<meta property=\"og:type\" content=\"article\" \/>\n<meta property=\"og:title\" content=\"Pol\u00edtica de privacidad - Tartaleta\" \/>\n<meta property=\"og:description\" content=\"Privacy PolicyThis portal, owned by Ferlara Textil SL, does not collect personal data from clients or users who access the portal, without their prior knowledge, nor are they transferred to third parties.Nor are automated means used to collect information from users such as cookies or IP addresses.The Tartaleta portal may contain links to other third-party [&hellip;]\" \/>\n<meta property=\"og:url\" content=\"https:\/\/tartaleta.com\/politica-de-privacidad\/\" \/>\n<meta property=\"og:site_name\" content=\"Tartaleta\" \/>\n<meta property=\"article:modified_time\" content=\"2024-06-14T14:11:11+00:00\" \/>\n<meta name=\"twitter:card\" content=\"summary_large_image\" \/>\n<meta name=\"twitter:label1\" content=\"Est. reading time\" \/>\n\t<meta name=\"twitter:data1\" content=\"7 minutes\" \/>\n<script type=\"application\/ld+json\" class=\"yoast-schema-graph\">{\"@context\":\"https:\\\/\\\/schema.org\",\"@graph\":[{\"@type\":\"WebPage\",\"@id\":\"https:\\\/\\\/tartaleta.com\\\/politica-de-privacidad\\\/\",\"url\":\"https:\\\/\\\/tartaleta.com\\\/politica-de-privacidad\\\/\",\"name\":\"Pol\u00edtica de privacidad - Tartaleta\",\"isPartOf\":{\"@id\":\"https:\\\/\\\/tartaleta.com\\\/#website\"},\"datePublished\":\"2020-10-15T12:20:18+00:00\",\"dateModified\":\"2024-06-14T14:11:11+00:00\",\"breadcrumb\":{\"@id\":\"https:\\\/\\\/tartaleta.com\\\/politica-de-privacidad\\\/#breadcrumb\"},\"inLanguage\":\"en-US\",\"potentialAction\":[{\"@type\":\"ReadAction\",\"target\":[\"https:\\\/\\\/tartaleta.com\\\/politica-de-privacidad\\\/\"]}]},{\"@type\":\"BreadcrumbList\",\"@id\":\"https:\\\/\\\/tartaleta.com\\\/politica-de-privacidad\\\/#breadcrumb\",\"itemListElement\":[{\"@type\":\"ListItem\",\"position\":1,\"name\":\"Portada\",\"item\":\"https:\\\/\\\/tartaleta.com\\\/en\\\/\"},{\"@type\":\"ListItem\",\"position\":2,\"name\":\"Pol\u00edtica de privacidad\"}]},{\"@type\":\"WebSite\",\"@id\":\"https:\\\/\\\/tartaleta.com\\\/#website\",\"url\":\"https:\\\/\\\/tartaleta.com\\\/\",\"name\":\"Tartaleta\",\"description\":\"Moda Infantil\",\"potentialAction\":[{\"@type\":\"SearchAction\",\"target\":{\"@type\":\"EntryPoint\",\"urlTemplate\":\"https:\\\/\\\/tartaleta.com\\\/?s={search_term_string}\"},\"query-input\":{\"@type\":\"PropertyValueSpecification\",\"valueRequired\":true,\"valueName\":\"search_term_string\"}}],\"inLanguage\":\"en-US\"}]}<\/script>\n<!-- \/ Yoast SEO plugin. -->","yoast_head_json":{"title":"Pol\u00edtica de privacidad - Tartaleta","robots":{"index":"index","follow":"follow","max-snippet":"max-snippet:-1","max-image-preview":"max-image-preview:large","max-video-preview":"max-video-preview:-1"},"canonical":"https:\/\/tartaleta.com\/politica-de-privacidad\/","og_locale":"en_US","og_type":"article","og_title":"Pol\u00edtica de privacidad - Tartaleta","og_description":"Privacy PolicyThis portal, owned by Ferlara Textil SL, does not collect personal data from clients or users who access the portal, without their prior knowledge, nor are they transferred to third parties.Nor are automated means used to collect information from users such as cookies or IP addresses.The Tartaleta portal may contain links to other third-party [&hellip;]","og_url":"https:\/\/tartaleta.com\/politica-de-privacidad\/","og_site_name":"Tartaleta","article_modified_time":"2024-06-14T14:11:11+00:00","twitter_card":"summary_large_image","twitter_misc":{"Est. reading time":"7 minutes"},"schema":{"@context":"https:\/\/schema.org","@graph":[{"@type":"WebPage","@id":"https:\/\/tartaleta.com\/politica-de-privacidad\/","url":"https:\/\/tartaleta.com\/politica-de-privacidad\/","name":"Pol\u00edtica de privacidad - Tartaleta","isPartOf":{"@id":"https:\/\/tartaleta.com\/#website"},"datePublished":"2020-10-15T12:20:18+00:00","dateModified":"2024-06-14T14:11:11+00:00","breadcrumb":{"@id":"https:\/\/tartaleta.com\/politica-de-privacidad\/#breadcrumb"},"inLanguage":"en-US","potentialAction":[{"@type":"ReadAction","target":["https:\/\/tartaleta.com\/politica-de-privacidad\/"]}]},{"@type":"BreadcrumbList","@id":"https:\/\/tartaleta.com\/politica-de-privacidad\/#breadcrumb","itemListElement":[{"@type":"ListItem","position":1,"name":"Portada","item":"https:\/\/tartaleta.com\/en\/"},{"@type":"ListItem","position":2,"name":"Pol\u00edtica de privacidad"}]},{"@type":"WebSite","@id":"https:\/\/tartaleta.com\/#website","url":"https:\/\/tartaleta.com\/","name":"Tartaleta","description":"Moda Infantil","potentialAction":[{"@type":"SearchAction","target":{"@type":"EntryPoint","urlTemplate":"https:\/\/tartaleta.com\/?s={search_term_string}"},"query-input":{"@type":"PropertyValueSpecification","valueRequired":true,"valueName":"search_term_string"}}],"inLanguage":"en-US"}]}},"_links":{"self":[{"href":"https:\/\/tartaleta.com\/en\/wp-json\/wp\/v2\/pages\/978","targetHints":{"allow":["GET"]}}],"collection":[{"href":"https:\/\/tartaleta.com\/en\/wp-json\/wp\/v2\/pages"}],"about":[{"href":"https:\/\/tartaleta.com\/en\/wp-json\/wp\/v2\/types\/page"}],"author":[{"embeddable":true,"href":"https:\/\/tartaleta.com\/en\/wp-json\/wp\/v2\/users\/1"}],"replies":[{"embeddable":true,"href":"https:\/\/tartaleta.com\/en\/wp-json\/wp\/v2\/comments?post=978"}],"version-history":[{"count":6,"href":"https:\/\/tartaleta.com\/en\/wp-json\/wp\/v2\/pages\/978\/revisions"}],"predecessor-version":[{"id":2455,"href":"https:\/\/tartaleta.com\/en\/wp-json\/wp\/v2\/pages\/978\/revisions\/2455"}],"wp:attachment":[{"href":"https:\/\/tartaleta.com\/en\/wp-json\/wp\/v2\/media?parent=978"}],"curies":[{"name":"wp","href":"https:\/\/api.w.org\/{rel}","templated":true}]}}