{"id":4012,"date":"2025-10-03T10:37:43","date_gmt":"2025-10-03T08:37:43","guid":{"rendered":"https:\/\/tartaleta.com\/?page_id=4012"},"modified":"2026-02-19T13:51:08","modified_gmt":"2026-02-19T12:51:08","slug":"embroideries","status":"publish","type":"page","link":"https:\/\/tartaleta.com\/en\/embroideries\/","title":{"rendered":"EMBROIDERIES"},"content":{"rendered":"<p>[et_pb_section fb_built=&#8221;1&#8243; admin_label=&#8221;prueba proyectos&#8221; _builder_version=&#8221;4.16&#8243; _module_preset=&#8221;default&#8221; global_colors_info=&#8221;{}&#8221;][et_pb_row _builder_version=&#8221;4.27.0&#8243; _module_preset=&#8221;default&#8221; width=&#8221;97%&#8221; global_colors_info=&#8221;{}&#8221;][et_pb_column type=&#8221;4_4&#8243; _builder_version=&#8221;4.16&#8243; _module_preset=&#8221;default&#8221; global_colors_info=&#8221;{}&#8221;][et_pb_tabs active_tab_background_color=&#8221;#FFFFFF&#8221; inactive_tab_background_color=&#8221;#f2f2f2&#8243; active_tab_text_color=&#8221;#438998&#8243; admin_label=&#8221;Pesta\u00f1as&#8221; module_class=&#8221;acordeonColeccion&#8221; _builder_version=&#8221;4.27.4&#8243; _module_preset=&#8221;default&#8221; tab_text_color=&#8221;#b7b7b7&#8243; body_font_size=&#8221;18px&#8221; tab_font=&#8221;||||||||&#8221; tab_font_size=&#8221;14px&#8221; background_color=&#8221;#FFFFFF&#8221; custom_padding=&#8221;0px|0px|0px|0px|true|true&#8221; border_width_all=&#8221;0px&#8221; global_colors_info=&#8221;{}&#8221;][et_pb_tab title=&#8221;Embroideries Spring Summer 2026-2027&#8243; _builder_version=&#8221;4.27.4&#8243; _module_preset=&#8221;default&#8221; global_colors_info=&#8221;{}&#8221;]<\/p>\n<h3>[et_pb_section global_module=\"3971\"][\/et_pb_section]<\/h3>\n<p>[\/et_pb_tab][\/et_pb_tabs][\/et_pb_column][\/et_pb_row][\/et_pb_section]<\/p>\n","protected":false},"excerpt":{"rendered":"<div class=\"et_pb_section et_pb_section_1 et_section_regular\" >\n\t\t\t\t\n\t\t\t\t\n\t\t\t\t\n\t\t\t\t\n\t\t\t\t\n\t\t\t\t\n\t\t\t\t<div class=\"et_pb_row et_pb_row_0\">\n\t\t\t\t<div class=\"et_pb_column et_pb_column_1_4 et_pb_column_0  et_pb_css_mix_blend_mode_passthrough\">\n\t\t\t\t\n\t\t\t\t\n\t\t\t\t\n\t\t\t\t\n\t\t\t\t<div class=\"et_pb_module et_pb_image et_pb_image_0\">\n\t\t\t\t\n\t\t\t\t\n\t\t\t\t\n\t\t\t\t\n\t\t\t\t<span class=\"et_pb_image_wrap \"><img loading=\"lazy\" decoding=\"async\" width=\"1707\" height=\"2560\" src=\"https:\/\/tartaleta.com\/wp-content\/uploads\/2026\/02\/W4A8168-1_br-1-scaled.jpg\" alt=\"\" title=\"_W4A8168 1_br\" srcset=\"https:\/\/tartaleta.com\/wp-content\/uploads\/2026\/02\/W4A8168-1_br-1-scaled.jpg 1707w, https:\/\/tartaleta.com\/wp-content\/uploads\/2026\/02\/W4A8168-1_br-1-1280x1920.jpg 1280w, https:\/\/tartaleta.com\/wp-content\/uploads\/2026\/02\/W4A8168-1_br-1-980x1470.jpg 980w, https:\/\/tartaleta.com\/wp-content\/uploads\/2026\/02\/W4A8168-1_br-1-480x720.jpg 480w\" sizes=\"(min-width: 0px) and (max-width: 480px) 480px, (min-width: 481px) and (max-width: 980px) 980px, (min-width: 981px) and (max-width: 1280px) 1280px, (min-width: 1281px) 1707px, 100vw\" class=\"wp-image-4099\" \/><\/span>\n\t\t\t<\/div><div class=\"et_pb_module et_pb_image et_pb_image_1\">\n\t\t\t\t\n\t\t\t\t\n\t\t\t\t\n\t\t\t\t\n\t\t\t\t<span class=\"et_pb_image_wrap \"><img loading=\"lazy\" decoding=\"async\" width=\"1707\" height=\"2560\" src=\"https:\/\/tartaleta.com\/wp-content\/uploads\/2026\/02\/B8021D_B802___00-scaled.jpg\" alt=\"\" title=\"B8021D_B802___00\" srcset=\"https:\/\/tartaleta.com\/wp-content\/uploads\/2026\/02\/B8021D_B802___00-scaled.jpg 1707w, https:\/\/tartaleta.com\/wp-content\/uploads\/2026\/02\/B8021D_B802___00-1280x1920.jpg 1280w, https:\/\/tartaleta.com\/wp-content\/uploads\/2026\/02\/B8021D_B802___00-980x1470.jpg 980w, https:\/\/tartaleta.com\/wp-content\/uploads\/2026\/02\/B8021D_B802___00-480x720.jpg 480w\" sizes=\"(min-width: 0px) and (max-width: 480px) 480px, (min-width: 481px) and (max-width: 980px) 980px, (min-width: 981px) and (max-width: 1280px) 1280px, (min-width: 1281px) 1707px, 100vw\" class=\"wp-image-4083\" \/><\/span>\n\t\t\t<\/div><div class=\"et_pb_module et_pb_image et_pb_image_2\">\n\t\t\t\t\n\t\t\t\t\n\t\t\t\t\n\t\t\t\t\n\t\t\t\t<span class=\"et_pb_image_wrap \"><img loading=\"lazy\" decoding=\"async\" width=\"1707\" height=\"2560\" src=\"https:\/\/tartaleta.com\/wp-content\/uploads\/2025\/09\/B8011__B801___00-scaled.jpg\" alt=\"\" title=\"B8011__B801___00\" srcset=\"https:\/\/tartaleta.com\/wp-content\/uploads\/2025\/09\/B8011__B801___00-scaled.jpg 1707w, https:\/\/tartaleta.com\/wp-content\/uploads\/2025\/09\/B8011__B801___00-1280x1920.jpg 1280w, https:\/\/tartaleta.com\/wp-content\/uploads\/2025\/09\/B8011__B801___00-980x1470.jpg 980w, https:\/\/tartaleta.com\/wp-content\/uploads\/2025\/09\/B8011__B801___00-480x720.jpg 480w\" sizes=\"(min-width: 0px) and (max-width: 480px) 480px, (min-width: 481px) and (max-width: 980px) 980px, (min-width: 981px) and (max-width: 1280px) 1280px, (min-width: 1281px) 1707px, 100vw\" class=\"wp-image-4273\" \/><\/span>\n\t\t\t<\/div><div class=\"et_pb_module et_pb_image et_pb_image_3\">\n\t\t\t\t\n\t\t\t\t\n\t\t\t\t\n\t\t\t\t\n\t\t\t\t<span class=\"et_pb_image_wrap \"><img loading=\"lazy\" decoding=\"async\" width=\"1707\" height=\"2560\" src=\"https:\/\/tartaleta.com\/wp-content\/uploads\/2026\/02\/B8132__B813___0-scaled.jpg\" alt=\"\" title=\"B8132__B813___0\" srcset=\"https:\/\/tartaleta.com\/wp-content\/uploads\/2026\/02\/B8132__B813___0-scaled.jpg 1707w, https:\/\/tartaleta.com\/wp-content\/uploads\/2026\/02\/B8132__B813___0-1280x1920.jpg 1280w, https:\/\/tartaleta.com\/wp-content\/uploads\/2026\/02\/B8132__B813___0-980x1470.jpg 980w, https:\/\/tartaleta.com\/wp-content\/uploads\/2026\/02\/B8132__B813___0-480x720.jpg 480w\" sizes=\"(min-width: 0px) and (max-width: 480px) 480px, (min-width: 481px) and (max-width: 980px) 980px, (min-width: 981px) and (max-width: 1280px) 1280px, (min-width: 1281px) 1707px, 100vw\" class=\"wp-image-4116\" \/><\/span>\n\t\t\t<\/div>\n\t\t\t<\/div><div class=\"et_pb_column et_pb_column_1_4 et_pb_column_1  et_pb_css_mix_blend_mode_passthrough\">\n\t\t\t\t\n\t\t\t\t\n\t\t\t\t\n\t\t\t\t\n\t\t\t\t<div class=\"et_pb_module et_pb_image et_pb_image_4\">\n\t\t\t\t\n\t\t\t\t\n\t\t\t\t\n\t\t\t\t\n\t\t\t\t<span class=\"et_pb_image_wrap \"><img loading=\"lazy\" decoding=\"async\" width=\"1707\" height=\"2560\" src=\"https:\/\/tartaleta.com\/wp-content\/uploads\/2026\/02\/B8038__B803___0-scaled.jpg\" alt=\"\" title=\"B8038__B803___0\" srcset=\"https:\/\/tartaleta.com\/wp-content\/uploads\/2026\/02\/B8038__B803___0-scaled.jpg 1707w, https:\/\/tartaleta.com\/wp-content\/uploads\/2026\/02\/B8038__B803___0-1280x1920.jpg 1280w, https:\/\/tartaleta.com\/wp-content\/uploads\/2026\/02\/B8038__B803___0-980x1470.jpg 980w, https:\/\/tartaleta.com\/wp-content\/uploads\/2026\/02\/B8038__B803___0-480x720.jpg 480w\" sizes=\"(min-width: 0px) and (max-width: 480px) 480px, (min-width: 481px) and (max-width: 980px) 980px, (min-width: 981px) and (max-width: 1280px) 1280px, (min-width: 1281px) 1707px, 100vw\" class=\"wp-image-4101\" \/><\/span>\n\t\t\t<\/div><div class=\"et_pb_module et_pb_image et_pb_image_5\">\n\t\t\t\t\n\t\t\t\t\n\t\t\t\t\n\t\t\t\t\n\t\t\t\t<span class=\"et_pb_image_wrap \"><img loading=\"lazy\" decoding=\"async\" width=\"1707\" height=\"2560\" src=\"https:\/\/tartaleta.com\/wp-content\/uploads\/2026\/02\/B8021D_B802___0-scaled.jpg\" alt=\"\" title=\"B8021D_B802___0\" srcset=\"https:\/\/tartaleta.com\/wp-content\/uploads\/2026\/02\/B8021D_B802___0-scaled.jpg 1707w, https:\/\/tartaleta.com\/wp-content\/uploads\/2026\/02\/B8021D_B802___0-1280x1920.jpg 1280w, https:\/\/tartaleta.com\/wp-content\/uploads\/2026\/02\/B8021D_B802___0-980x1470.jpg 980w, https:\/\/tartaleta.com\/wp-content\/uploads\/2026\/02\/B8021D_B802___0-480x720.jpg 480w\" sizes=\"(min-width: 0px) and (max-width: 480px) 480px, (min-width: 481px) and (max-width: 980px) 980px, (min-width: 981px) and (max-width: 1280px) 1280px, (min-width: 1281px) 1707px, 100vw\" class=\"wp-image-4085\" \/><\/span>\n\t\t\t<\/div><div class=\"et_pb_module et_pb_image et_pb_image_6\">\n\t\t\t\t\n\t\t\t\t\n\t\t\t\t\n\t\t\t\t\n\t\t\t\t<span class=\"et_pb_image_wrap \"><img loading=\"lazy\" decoding=\"async\" width=\"1707\" height=\"2560\" src=\"https:\/\/tartaleta.com\/wp-content\/uploads\/2025\/09\/B8011__B801___0-scaled.jpg\" alt=\"\" title=\"B8011__B801___0\" srcset=\"https:\/\/tartaleta.com\/wp-content\/uploads\/2025\/09\/B8011__B801___0-scaled.jpg 1707w, https:\/\/tartaleta.com\/wp-content\/uploads\/2025\/09\/B8011__B801___0-1280x1920.jpg 1280w, https:\/\/tartaleta.com\/wp-content\/uploads\/2025\/09\/B8011__B801___0-980x1470.jpg 980w, https:\/\/tartaleta.com\/wp-content\/uploads\/2025\/09\/B8011__B801___0-480x720.jpg 480w\" sizes=\"(min-width: 0px) and (max-width: 480px) 480px, (min-width: 481px) and (max-width: 980px) 980px, (min-width: 981px) and (max-width: 1280px) 1280px, (min-width: 1281px) 1707px, 100vw\" class=\"wp-image-4275\" \/><\/span>\n\t\t\t<\/div><div class=\"et_pb_module et_pb_image et_pb_image_7\">\n\t\t\t\t\n\t\t\t\t\n\t\t\t\t\n\t\t\t\t\n\t\t\t\t<span class=\"et_pb_image_wrap \"><img loading=\"lazy\" decoding=\"async\" width=\"1273\" height=\"1910\" src=\"https:\/\/tartaleta.com\/wp-content\/uploads\/2026\/02\/229A1622.jpg\" alt=\"\" title=\"229A1622\" srcset=\"https:\/\/tartaleta.com\/wp-content\/uploads\/2026\/02\/229A1622.jpg 1273w, https:\/\/tartaleta.com\/wp-content\/uploads\/2026\/02\/229A1622-980x1470.jpg 980w, https:\/\/tartaleta.com\/wp-content\/uploads\/2026\/02\/229A1622-480x720.jpg 480w\" sizes=\"(min-width: 0px) and (max-width: 480px) 480px, (min-width: 481px) and (max-width: 980px) 980px, (min-width: 981px) 1273px, 100vw\" class=\"wp-image-4263\" \/><\/span>\n\t\t\t<\/div>\n\t\t\t<\/div><div class=\"et_pb_column et_pb_column_1_4 et_pb_column_2  et_pb_css_mix_blend_mode_passthrough\">\n\t\t\t\t\n\t\t\t\t\n\t\t\t\t\n\t\t\t\t\n\t\t\t\t<div class=\"et_pb_module et_pb_image et_pb_image_8\">\n\t\t\t\t\n\t\t\t\t\n\t\t\t\t\n\t\t\t\t\n\t\t\t\t<span class=\"et_pb_image_wrap \"><img loading=\"lazy\" decoding=\"async\" width=\"1333\" height=\"2000\" src=\"https:\/\/tartaleta.com\/wp-content\/uploads\/2026\/02\/V6A1664.jpg\" alt=\"\" title=\"_V6A1664\" srcset=\"https:\/\/tartaleta.com\/wp-content\/uploads\/2026\/02\/V6A1664.jpg 1333w, https:\/\/tartaleta.com\/wp-content\/uploads\/2026\/02\/V6A1664-1280x1920.jpg 1280w, https:\/\/tartaleta.com\/wp-content\/uploads\/2026\/02\/V6A1664-980x1470.jpg 980w, https:\/\/tartaleta.com\/wp-content\/uploads\/2026\/02\/V6A1664-480x720.jpg 480w\" sizes=\"(min-width: 0px) and (max-width: 480px) 480px, (min-width: 481px) and (max-width: 980px) 980px, (min-width: 981px) and (max-width: 1280px) 1280px, (min-width: 1281px) 1333px, 100vw\" class=\"wp-image-4065\" \/><\/span>\n\t\t\t<\/div><div class=\"et_pb_module et_pb_image et_pb_image_9\">\n\t\t\t\t\n\t\t\t\t\n\t\t\t\t\n\t\t\t\t\n\t\t\t\t<span class=\"et_pb_image_wrap \"><img loading=\"lazy\" decoding=\"async\" width=\"1707\" height=\"2560\" src=\"https:\/\/tartaleta.com\/wp-content\/uploads\/2026\/02\/B8028__B802___0-scaled.jpg\" alt=\"\" title=\"B8028__B802___0\" srcset=\"https:\/\/tartaleta.com\/wp-content\/uploads\/2026\/02\/B8028__B802___0-scaled.jpg 1707w, https:\/\/tartaleta.com\/wp-content\/uploads\/2026\/02\/B8028__B802___0-1280x1920.jpg 1280w, https:\/\/tartaleta.com\/wp-content\/uploads\/2026\/02\/B8028__B802___0-980x1470.jpg 980w, https:\/\/tartaleta.com\/wp-content\/uploads\/2026\/02\/B8028__B802___0-480x720.jpg 480w\" sizes=\"(min-width: 0px) and (max-width: 480px) 480px, (min-width: 481px) and (max-width: 980px) 980px, (min-width: 981px) and (max-width: 1280px) 1280px, (min-width: 1281px) 1707px, 100vw\" class=\"wp-image-4089\" \/><\/span>\n\t\t\t<\/div><div class=\"et_pb_module et_pb_image et_pb_image_10\">\n\t\t\t\t\n\t\t\t\t\n\t\t\t\t\n\t\t\t\t\n\t\t\t\t<span class=\"et_pb_image_wrap \"><img loading=\"lazy\" decoding=\"async\" width=\"1707\" height=\"2560\" src=\"https:\/\/tartaleta.com\/wp-content\/uploads\/2026\/02\/B8142__B814___00-scaled.jpg\" alt=\"\" title=\"B8142__B814___00\" srcset=\"https:\/\/tartaleta.com\/wp-content\/uploads\/2026\/02\/B8142__B814___00-scaled.jpg 1707w, https:\/\/tartaleta.com\/wp-content\/uploads\/2026\/02\/B8142__B814___00-1280x1920.jpg 1280w, https:\/\/tartaleta.com\/wp-content\/uploads\/2026\/02\/B8142__B814___00-980x1470.jpg 980w, https:\/\/tartaleta.com\/wp-content\/uploads\/2026\/02\/B8142__B814___00-480x720.jpg 480w\" sizes=\"(min-width: 0px) and (max-width: 480px) 480px, (min-width: 481px) and (max-width: 980px) 980px, (min-width: 981px) and (max-width: 1280px) 1280px, (min-width: 1281px) 1707px, 100vw\" class=\"wp-image-4122\" \/><\/span>\n\t\t\t<\/div><div class=\"et_pb_module et_pb_image et_pb_image_11\">\n\t\t\t\t\n\t\t\t\t\n\t\t\t\t\n\t\t\t\t\n\t\t\t\t<span class=\"et_pb_image_wrap \"><img loading=\"lazy\" decoding=\"async\" width=\"1707\" height=\"2560\" src=\"https:\/\/tartaleta.com\/wp-content\/uploads\/2026\/02\/B8252D_B825___00-scaled.jpg\" alt=\"\" title=\"B8252D_B825___00\" srcset=\"https:\/\/tartaleta.com\/wp-content\/uploads\/2026\/02\/B8252D_B825___00-scaled.jpg 1707w, https:\/\/tartaleta.com\/wp-content\/uploads\/2026\/02\/B8252D_B825___00-1280x1920.jpg 1280w, https:\/\/tartaleta.com\/wp-content\/uploads\/2026\/02\/B8252D_B825___00-980x1470.jpg 980w, https:\/\/tartaleta.com\/wp-content\/uploads\/2026\/02\/B8252D_B825___00-480x720.jpg 480w\" sizes=\"(min-width: 0px) and (max-width: 480px) 480px, (min-width: 481px) and (max-width: 980px) 980px, (min-width: 981px) and (max-width: 1280px) 1280px, (min-width: 1281px) 1707px, 100vw\" class=\"wp-image-4250\" \/><\/span>\n\t\t\t<\/div>\n\t\t\t<\/div><div class=\"et_pb_column et_pb_column_1_4 et_pb_column_3  et_pb_css_mix_blend_mode_passthrough et-last-child\">\n\t\t\t\t\n\t\t\t\t\n\t\t\t\t\n\t\t\t\t\n\t\t\t\t<div class=\"et_pb_module et_pb_image et_pb_image_12\">\n\t\t\t\t\n\t\t\t\t\n\t\t\t\t\n\t\t\t\t\n\t\t\t\t<span class=\"et_pb_image_wrap \"><img loading=\"lazy\" decoding=\"async\" width=\"1333\" height=\"2000\" src=\"https:\/\/tartaleta.com\/wp-content\/uploads\/2026\/02\/W4A7869.jpg\" alt=\"\" title=\"_W4A7869\" srcset=\"https:\/\/tartaleta.com\/wp-content\/uploads\/2026\/02\/W4A7869.jpg 1333w, https:\/\/tartaleta.com\/wp-content\/uploads\/2026\/02\/W4A7869-1280x1920.jpg 1280w, https:\/\/tartaleta.com\/wp-content\/uploads\/2026\/02\/W4A7869-980x1470.jpg 980w, https:\/\/tartaleta.com\/wp-content\/uploads\/2026\/02\/W4A7869-480x720.jpg 480w\" sizes=\"(min-width: 0px) and (max-width: 480px) 480px, (min-width: 481px) and (max-width: 980px) 980px, (min-width: 981px) and (max-width: 1280px) 1280px, (min-width: 1281px) 1333px, 100vw\" class=\"wp-image-4067\" \/><\/span>\n\t\t\t<\/div><div class=\"et_pb_module et_pb_image et_pb_image_13\">\n\t\t\t\t\n\t\t\t\t\n\t\t\t\t\n\t\t\t\t\n\t\t\t\t<span class=\"et_pb_image_wrap \"><img loading=\"lazy\" decoding=\"async\" width=\"1707\" height=\"2560\" src=\"https:\/\/tartaleta.com\/wp-content\/uploads\/2026\/02\/B8028__B802___00-scaled.jpg\" alt=\"\" title=\"B8028__B802___00\" srcset=\"https:\/\/tartaleta.com\/wp-content\/uploads\/2026\/02\/B8028__B802___00-scaled.jpg 1707w, https:\/\/tartaleta.com\/wp-content\/uploads\/2026\/02\/B8028__B802___00-1280x1920.jpg 1280w, https:\/\/tartaleta.com\/wp-content\/uploads\/2026\/02\/B8028__B802___00-980x1470.jpg 980w, https:\/\/tartaleta.com\/wp-content\/uploads\/2026\/02\/B8028__B802___00-480x720.jpg 480w\" sizes=\"(min-width: 0px) and (max-width: 480px) 480px, (min-width: 481px) and (max-width: 980px) 980px, (min-width: 981px) and (max-width: 1280px) 1280px, (min-width: 1281px) 1707px, 100vw\" class=\"wp-image-4183\" \/><\/span>\n\t\t\t<\/div><div class=\"et_pb_module et_pb_image et_pb_image_14\">\n\t\t\t\t\n\t\t\t\t\n\t\t\t\t\n\t\t\t\t\n\t\t\t\t<span class=\"et_pb_image_wrap \"><img loading=\"lazy\" decoding=\"async\" width=\"1707\" height=\"2560\" src=\"https:\/\/tartaleta.com\/wp-content\/uploads\/2026\/02\/B8121__B812___0-scaled.jpg\" alt=\"\" title=\"B8121__B812___0\" srcset=\"https:\/\/tartaleta.com\/wp-content\/uploads\/2026\/02\/B8121__B812___0-scaled.jpg 1707w, https:\/\/tartaleta.com\/wp-content\/uploads\/2026\/02\/B8121__B812___0-1280x1920.jpg 1280w, https:\/\/tartaleta.com\/wp-content\/uploads\/2026\/02\/B8121__B812___0-980x1470.jpg 980w, https:\/\/tartaleta.com\/wp-content\/uploads\/2026\/02\/B8121__B812___0-480x720.jpg 480w\" sizes=\"(min-width: 0px) and (max-width: 480px) 480px, (min-width: 481px) and (max-width: 980px) 980px, (min-width: 981px) and (max-width: 1280px) 1280px, (min-width: 1281px) 1707px, 100vw\" class=\"wp-image-4254\" \/><\/span>\n\t\t\t<\/div><div class=\"et_pb_module et_pb_image et_pb_image_15\">\n\t\t\t\t\n\t\t\t\t\n\t\t\t\t\n\t\t\t\t\n\t\t\t\t<span class=\"et_pb_image_wrap \"><img loading=\"lazy\" decoding=\"async\" width=\"1707\" height=\"2560\" src=\"https:\/\/tartaleta.com\/wp-content\/uploads\/2026\/02\/B8252D_B825___0-scaled.jpg\" alt=\"\" title=\"B8252D_B825___0\" srcset=\"https:\/\/tartaleta.com\/wp-content\/uploads\/2026\/02\/B8252D_B825___0-scaled.jpg 1707w, https:\/\/tartaleta.com\/wp-content\/uploads\/2026\/02\/B8252D_B825___0-1280x1920.jpg 1280w, https:\/\/tartaleta.com\/wp-content\/uploads\/2026\/02\/B8252D_B825___0-980x1470.jpg 980w, https:\/\/tartaleta.com\/wp-content\/uploads\/2026\/02\/B8252D_B825___0-480x720.jpg 480w\" sizes=\"(min-width: 0px) and (max-width: 480px) 480px, (min-width: 481px) and (max-width: 980px) 980px, (min-width: 981px) and (max-width: 1280px) 1280px, (min-width: 1281px) 1707px, 100vw\" class=\"wp-image-4142\" \/><\/span>\n\t\t\t<\/div>\n\t\t\t<\/div>\n\t\t\t\t\n\t\t\t\t\n\t\t\t\t\n\t\t\t\t\n\t\t\t<\/div>\n\t\t\t\t\n\t\t\t\t\n\t\t\t<\/div>\n","protected":false},"author":1,"featured_media":0,"parent":0,"menu_order":0,"comment_status":"closed","ping_status":"closed","template":"","meta":{"_et_pb_use_builder":"on","_et_pb_old_content":"<!-- wp:divi\/placeholder \/-->","_et_gb_content_width":"","footnotes":""},"class_list":["post-4012","page","type-page","status-publish","hentry"],"yoast_head":"<!-- This site is optimized with the Yoast SEO plugin v27.3 - https:\/\/yoast.com\/product\/yoast-seo-wordpress\/ -->\n<title>EMBROIDERIES - Tartaleta<\/title>\n<meta name=\"description\" content=\"Tartaleta Moda Infantil. Moda para ni\u00f1as y ni\u00f1os. Colecci\u00f3n Ceremonia Primavera Verano 2025-2026\" \/>\n<meta name=\"robots\" content=\"index, follow, max-snippet:-1, max-image-preview:large, max-video-preview:-1\" \/>\n<link rel=\"canonical\" href=\"https:\/\/tartaleta.com\/en\/embroideries\/\" \/>\n<meta property=\"og:locale\" content=\"en_US\" \/>\n<meta property=\"og:type\" content=\"article\" \/>\n<meta property=\"og:title\" content=\"EMBROIDERIES - Tartaleta\" \/>\n<meta property=\"og:description\" content=\"Tartaleta Moda Infantil. Moda para ni\u00f1as y ni\u00f1os. Colecci\u00f3n Ceremonia Primavera Verano 2025-2026\" \/>\n<meta property=\"og:url\" content=\"https:\/\/tartaleta.com\/en\/embroideries\/\" \/>\n<meta property=\"og:site_name\" content=\"Tartaleta\" \/>\n<meta property=\"article:modified_time\" content=\"2026-02-19T12:51:08+00:00\" \/>\n<meta name=\"twitter:card\" content=\"summary_large_image\" \/>\n<meta name=\"twitter:label1\" content=\"Est. reading time\" \/>\n\t<meta name=\"twitter:data1\" content=\"1 minute\" \/>\n<script type=\"application\/ld+json\" class=\"yoast-schema-graph\">{\"@context\":\"https:\\\/\\\/schema.org\",\"@graph\":[{\"@type\":\"WebPage\",\"@id\":\"https:\\\/\\\/tartaleta.com\\\/en\\\/embroideries\\\/\",\"url\":\"https:\\\/\\\/tartaleta.com\\\/en\\\/embroideries\\\/\",\"name\":\"EMBROIDERIES - Tartaleta\",\"isPartOf\":{\"@id\":\"https:\\\/\\\/tartaleta.com\\\/#website\"},\"datePublished\":\"2025-10-03T08:37:43+00:00\",\"dateModified\":\"2026-02-19T12:51:08+00:00\",\"description\":\"Tartaleta Moda Infantil. Moda para ni\u00f1as y ni\u00f1os. Colecci\u00f3n Ceremonia Primavera Verano 2025-2026\",\"breadcrumb\":{\"@id\":\"https:\\\/\\\/tartaleta.com\\\/en\\\/embroideries\\\/#breadcrumb\"},\"inLanguage\":\"en-US\",\"potentialAction\":[{\"@type\":\"ReadAction\",\"target\":[\"https:\\\/\\\/tartaleta.com\\\/en\\\/embroideries\\\/\"]}]},{\"@type\":\"BreadcrumbList\",\"@id\":\"https:\\\/\\\/tartaleta.com\\\/en\\\/embroideries\\\/#breadcrumb\",\"itemListElement\":[{\"@type\":\"ListItem\",\"position\":1,\"name\":\"Portada\",\"item\":\"https:\\\/\\\/tartaleta.com\\\/en\\\/\"},{\"@type\":\"ListItem\",\"position\":2,\"name\":\"EMBROIDERIES\"}]},{\"@type\":\"WebSite\",\"@id\":\"https:\\\/\\\/tartaleta.com\\\/#website\",\"url\":\"https:\\\/\\\/tartaleta.com\\\/\",\"name\":\"Tartaleta\",\"description\":\"Moda Infantil\",\"potentialAction\":[{\"@type\":\"SearchAction\",\"target\":{\"@type\":\"EntryPoint\",\"urlTemplate\":\"https:\\\/\\\/tartaleta.com\\\/?s={search_term_string}\"},\"query-input\":{\"@type\":\"PropertyValueSpecification\",\"valueRequired\":true,\"valueName\":\"search_term_string\"}}],\"inLanguage\":\"en-US\"}]}<\/script>\n<!-- \/ Yoast SEO plugin. -->","yoast_head_json":{"title":"EMBROIDERIES - Tartaleta","description":"Tartaleta Moda Infantil. Moda para ni\u00f1as y ni\u00f1os. Colecci\u00f3n Ceremonia Primavera Verano 2025-2026","robots":{"index":"index","follow":"follow","max-snippet":"max-snippet:-1","max-image-preview":"max-image-preview:large","max-video-preview":"max-video-preview:-1"},"canonical":"https:\/\/tartaleta.com\/en\/embroideries\/","og_locale":"en_US","og_type":"article","og_title":"EMBROIDERIES - Tartaleta","og_description":"Tartaleta Moda Infantil. Moda para ni\u00f1as y ni\u00f1os. Colecci\u00f3n Ceremonia Primavera Verano 2025-2026","og_url":"https:\/\/tartaleta.com\/en\/embroideries\/","og_site_name":"Tartaleta","article_modified_time":"2026-02-19T12:51:08+00:00","twitter_card":"summary_large_image","twitter_misc":{"Est. reading time":"1 minute"},"schema":{"@context":"https:\/\/schema.org","@graph":[{"@type":"WebPage","@id":"https:\/\/tartaleta.com\/en\/embroideries\/","url":"https:\/\/tartaleta.com\/en\/embroideries\/","name":"EMBROIDERIES - Tartaleta","isPartOf":{"@id":"https:\/\/tartaleta.com\/#website"},"datePublished":"2025-10-03T08:37:43+00:00","dateModified":"2026-02-19T12:51:08+00:00","description":"Tartaleta Moda Infantil. Moda para ni\u00f1as y ni\u00f1os. Colecci\u00f3n Ceremonia Primavera Verano 2025-2026","breadcrumb":{"@id":"https:\/\/tartaleta.com\/en\/embroideries\/#breadcrumb"},"inLanguage":"en-US","potentialAction":[{"@type":"ReadAction","target":["https:\/\/tartaleta.com\/en\/embroideries\/"]}]},{"@type":"BreadcrumbList","@id":"https:\/\/tartaleta.com\/en\/embroideries\/#breadcrumb","itemListElement":[{"@type":"ListItem","position":1,"name":"Portada","item":"https:\/\/tartaleta.com\/en\/"},{"@type":"ListItem","position":2,"name":"EMBROIDERIES"}]},{"@type":"WebSite","@id":"https:\/\/tartaleta.com\/#website","url":"https:\/\/tartaleta.com\/","name":"Tartaleta","description":"Moda Infantil","potentialAction":[{"@type":"SearchAction","target":{"@type":"EntryPoint","urlTemplate":"https:\/\/tartaleta.com\/?s={search_term_string}"},"query-input":{"@type":"PropertyValueSpecification","valueRequired":true,"valueName":"search_term_string"}}],"inLanguage":"en-US"}]}},"_links":{"self":[{"href":"https:\/\/tartaleta.com\/en\/wp-json\/wp\/v2\/pages\/4012","targetHints":{"allow":["GET"]}}],"collection":[{"href":"https:\/\/tartaleta.com\/en\/wp-json\/wp\/v2\/pages"}],"about":[{"href":"https:\/\/tartaleta.com\/en\/wp-json\/wp\/v2\/types\/page"}],"author":[{"embeddable":true,"href":"https:\/\/tartaleta.com\/en\/wp-json\/wp\/v2\/users\/1"}],"replies":[{"embeddable":true,"href":"https:\/\/tartaleta.com\/en\/wp-json\/wp\/v2\/comments?post=4012"}],"version-history":[{"count":10,"href":"https:\/\/tartaleta.com\/en\/wp-json\/wp\/v2\/pages\/4012\/revisions"}],"predecessor-version":[{"id":4322,"href":"https:\/\/tartaleta.com\/en\/wp-json\/wp\/v2\/pages\/4012\/revisions\/4322"}],"wp:attachment":[{"href":"https:\/\/tartaleta.com\/en\/wp-json\/wp\/v2\/media?parent=4012"}],"curies":[{"name":"wp","href":"https:\/\/api.w.org\/{rel}","templated":true}]}}